{"id":33,"date":"2025-06-11T13:56:09","date_gmt":"2025-06-11T11:56:09","guid":{"rendered":"https:\/\/prioor.projektserver.org\/impressum\/"},"modified":"2025-10-03T10:13:32","modified_gmt":"2025-10-03T08:13:32","slug":"imprint","status":"publish","type":"page","link":"https:\/\/prioor.com\/en\/imprint\/","title":{"rendered":"Imprint"},"content":{"rendered":"\t\t<div data-elementor-type=\"wp-page\" data-elementor-id=\"33\" class=\"elementor elementor-33 elementor-18\" data-elementor-post-type=\"page\">\n\t\t\t\t<div class=\"has_eae_slider elementor-element elementor-element-354c429 e-con-full e-flex e-con e-parent\" data-eae-slider=\"33303\" data-id=\"354c429\" data-element_type=\"container\" data-e-type=\"container\" data-settings=\"{&quot;background_background&quot;:&quot;classic&quot;}\">\n\t\t\t\t<div class=\"elementor-element elementor-element-ccbc2b9 elementor-widget elementor-widget-heading\" data-id=\"ccbc2b9\" data-element_type=\"widget\" data-e-type=\"widget\" data-widget_type=\"heading.default\">\n\t\t\t\t<div class=\"elementor-widget-container\">\n\t\t\t\t\t<h1 class=\"elementor-heading-title elementor-size-default\">Imprint<\/h1>\t\t\t\t<\/div>\n\t\t\t\t<\/div>\n\t\t\t\t<\/div>\n\t\t<div class=\"has_eae_slider elementor-element elementor-element-489b5eb e-flex e-con-boxed e-con e-parent\" data-eae-slider=\"11641\" data-id=\"489b5eb\" data-element_type=\"container\" data-e-type=\"container\">\n\t\t\t\t\t<div class=\"e-con-inner\">\n\t\t\t\t<div class=\"elementor-element elementor-element-f507187 elementor-widget elementor-widget-text-editor\" data-id=\"f507187\" data-element_type=\"widget\" data-e-type=\"widget\" data-widget_type=\"text-editor.default\">\n\t\t\t\t<div class=\"elementor-widget-container\">\n\t\t\t\t\t\t\t\t\t<h3>Information according to \u00a7 5 TMG<\/h3><p>Prioor Logistics Solutions GmbH<br \/>Duesseldorfer Str. 117<br \/>51379 Leverkusen<br \/>Deutschland<\/p><p>Tel.: +49 (0)2102 56598-25<br \/>Fax: +49 (0)2102 56598-20<br \/>E-Mail: info@prioor.com<\/p><p>Registergericht: Amtsgericht K\u00f6ln<br \/>Registernummer: HRB 124186<\/p><p>Gesch\u00e4ftsf\u00fchrer: Stefan Nolte<\/p><p>Umsatzsteuer-Identifikationsnummer: DE338729562<\/p><p>Verantwortliche\/r i.S.d. \u00a7 18 Abs. 2 MStV:<br \/>Stefan Nolte, Duesseldorfer Str. 117, 51379 Leverkusen<\/p><p>Quellenangaben f\u00fcr verwendete Bilder und Grafiken<\/p>\t\t\t\t\t\t\t\t<\/div>\n\t\t\t\t<\/div>\n\t\t\t\t\t<\/div>\n\t\t\t\t<\/div>\n\t\t\t\t<\/div>\n\t\t","protected":false},"excerpt":{"rendered":"<p>Imprint Information according to \u00a7 5 TMG Prioor Logistics Solutions GmbHDuesseldorfer Str. 11751379 LeverkusenDeutschland Tel.: +49 (0)2102 56598-25Fax: +49 (0)2102 56598-20E-Mail: info@prioor.com Registergericht: Amtsgericht K\u00f6lnRegisternummer: HRB 124186 Gesch\u00e4ftsf\u00fchrer: Stefan Nolte Umsatzsteuer-Identifikationsnummer: DE338729562 Verantwortliche\/r i.S.d. \u00a7 18 Abs. 2 MStV:Stefan Nolte, [&hellip;]<\/p>\n","protected":false},"author":1,"featured_media":0,"parent":0,"menu_order":0,"comment_status":"closed","ping_status":"closed","template":"","meta":{"inline_featured_image":false,"footnotes":""},"class_list":["post-33","page","type-page","status-publish","hentry"],"yoast_head":"<!-- This site is optimized with the Yoast SEO plugin v27.2 - https:\/\/yoast.com\/product\/yoast-seo-wordpress\/ -->\n<title>Imprint - Prioor Logistics Solutions<\/title>\n<meta name=\"robots\" content=\"index, follow, max-snippet:-1, max-image-preview:large, max-video-preview:-1\" \/>\n<link rel=\"canonical\" href=\"https:\/\/prioor.com\/impressum\/\" \/>\n<meta property=\"og:locale\" content=\"en_US\" \/>\n<meta property=\"og:type\" content=\"article\" \/>\n<meta property=\"og:title\" content=\"Imprint - Prioor Logistics Solutions\" \/>\n<meta property=\"og:description\" content=\"Imprint Information according to \u00a7 5 TMG Prioor Logistics Solutions GmbHDuesseldorfer Str. 11751379 LeverkusenDeutschland Tel.: +49 (0)2102 56598-25Fax: +49 (0)2102 56598-20E-Mail: info@prioor.com Registergericht: Amtsgericht K\u00f6lnRegisternummer: HRB 124186 Gesch\u00e4ftsf\u00fchrer: Stefan Nolte Umsatzsteuer-Identifikationsnummer: DE338729562 Verantwortliche\/r i.S.d. \u00a7 18 Abs. 2 MStV:Stefan Nolte, [&hellip;]\" \/>\n<meta property=\"og:url\" content=\"https:\/\/prioor.com\/impressum\/\" \/>\n<meta property=\"og:site_name\" content=\"Prioor Logistics Solutions\" \/>\n<meta property=\"article:modified_time\" content=\"2025-10-03T08:13:32+00:00\" \/>\n<meta name=\"twitter:card\" content=\"summary_large_image\" \/>\n<meta name=\"twitter:label1\" content=\"Est. reading time\" \/>\n\t<meta name=\"twitter:data1\" content=\"1 minute\" \/>\n<script type=\"application\/ld+json\" class=\"yoast-schema-graph\">{\"@context\":\"https:\/\/schema.org\",\"@graph\":[{\"@type\":\"WebPage\",\"@id\":\"https:\/\/prioor.com\/impressum\/\",\"url\":\"https:\/\/prioor.com\/impressum\/\",\"name\":\"Imprint - Prioor Logistics Solutions\",\"isPartOf\":{\"@id\":\"https:\/\/prioor.com\/#website\"},\"datePublished\":\"2025-06-11T11:56:09+00:00\",\"dateModified\":\"2025-10-03T08:13:32+00:00\",\"breadcrumb\":{\"@id\":\"https:\/\/prioor.com\/impressum\/#breadcrumb\"},\"inLanguage\":\"en-US\",\"potentialAction\":[{\"@type\":\"ReadAction\",\"target\":[\"https:\/\/prioor.com\/impressum\/\"]}]},{\"@type\":\"BreadcrumbList\",\"@id\":\"https:\/\/prioor.com\/impressum\/#breadcrumb\",\"itemListElement\":[{\"@type\":\"ListItem\",\"position\":1,\"name\":\"Startseite\",\"item\":\"https:\/\/prioor.com\/\"},{\"@type\":\"ListItem\",\"position\":2,\"name\":\"Imprint\"}]},{\"@type\":\"WebSite\",\"@id\":\"https:\/\/prioor.com\/#website\",\"url\":\"https:\/\/prioor.com\/\",\"name\":\"Prioor Logistics Solutions\",\"description\":\"Digital Logistics Management\",\"potentialAction\":[{\"@type\":\"SearchAction\",\"target\":{\"@type\":\"EntryPoint\",\"urlTemplate\":\"https:\/\/prioor.com\/?s={search_term_string}\"},\"query-input\":{\"@type\":\"PropertyValueSpecification\",\"valueRequired\":true,\"valueName\":\"search_term_string\"}}],\"inLanguage\":\"en-US\"}]}<\/script>\n<!-- \/ Yoast SEO plugin. -->","yoast_head_json":{"title":"Imprint - Prioor Logistics Solutions","robots":{"index":"index","follow":"follow","max-snippet":"max-snippet:-1","max-image-preview":"max-image-preview:large","max-video-preview":"max-video-preview:-1"},"canonical":"https:\/\/prioor.com\/impressum\/","og_locale":"en_US","og_type":"article","og_title":"Imprint - Prioor Logistics Solutions","og_description":"Imprint Information according to \u00a7 5 TMG Prioor Logistics Solutions GmbHDuesseldorfer Str. 11751379 LeverkusenDeutschland Tel.: +49 (0)2102 56598-25Fax: +49 (0)2102 56598-20E-Mail: info@prioor.com Registergericht: Amtsgericht K\u00f6lnRegisternummer: HRB 124186 Gesch\u00e4ftsf\u00fchrer: Stefan Nolte Umsatzsteuer-Identifikationsnummer: DE338729562 Verantwortliche\/r i.S.d. \u00a7 18 Abs. 2 MStV:Stefan Nolte, [&hellip;]","og_url":"https:\/\/prioor.com\/impressum\/","og_site_name":"Prioor Logistics Solutions","article_modified_time":"2025-10-03T08:13:32+00:00","twitter_card":"summary_large_image","twitter_misc":{"Est. reading time":"1 minute"},"schema":{"@context":"https:\/\/schema.org","@graph":[{"@type":"WebPage","@id":"https:\/\/prioor.com\/impressum\/","url":"https:\/\/prioor.com\/impressum\/","name":"Imprint - Prioor Logistics Solutions","isPartOf":{"@id":"https:\/\/prioor.com\/#website"},"datePublished":"2025-06-11T11:56:09+00:00","dateModified":"2025-10-03T08:13:32+00:00","breadcrumb":{"@id":"https:\/\/prioor.com\/impressum\/#breadcrumb"},"inLanguage":"en-US","potentialAction":[{"@type":"ReadAction","target":["https:\/\/prioor.com\/impressum\/"]}]},{"@type":"BreadcrumbList","@id":"https:\/\/prioor.com\/impressum\/#breadcrumb","itemListElement":[{"@type":"ListItem","position":1,"name":"Startseite","item":"https:\/\/prioor.com\/"},{"@type":"ListItem","position":2,"name":"Imprint"}]},{"@type":"WebSite","@id":"https:\/\/prioor.com\/#website","url":"https:\/\/prioor.com\/","name":"Prioor Logistics Solutions","description":"Digital Logistics Management","potentialAction":[{"@type":"SearchAction","target":{"@type":"EntryPoint","urlTemplate":"https:\/\/prioor.com\/?s={search_term_string}"},"query-input":{"@type":"PropertyValueSpecification","valueRequired":true,"valueName":"search_term_string"}}],"inLanguage":"en-US"}]}},"_links":{"self":[{"href":"https:\/\/prioor.com\/en\/wp-json\/wp\/v2\/pages\/33","targetHints":{"allow":["GET"]}}],"collection":[{"href":"https:\/\/prioor.com\/en\/wp-json\/wp\/v2\/pages"}],"about":[{"href":"https:\/\/prioor.com\/en\/wp-json\/wp\/v2\/types\/page"}],"author":[{"embeddable":true,"href":"https:\/\/prioor.com\/en\/wp-json\/wp\/v2\/users\/1"}],"replies":[{"embeddable":true,"href":"https:\/\/prioor.com\/en\/wp-json\/wp\/v2\/comments?post=33"}],"version-history":[{"count":10,"href":"https:\/\/prioor.com\/en\/wp-json\/wp\/v2\/pages\/33\/revisions"}],"predecessor-version":[{"id":3948,"href":"https:\/\/prioor.com\/en\/wp-json\/wp\/v2\/pages\/33\/revisions\/3948"}],"wp:attachment":[{"href":"https:\/\/prioor.com\/en\/wp-json\/wp\/v2\/media?parent=33"}],"curies":[{"name":"wp","href":"https:\/\/api.w.org\/{rel}","templated":true}]}}